{"id":7,"date":"2024-10-02T17:06:18","date_gmt":"2024-10-02T15:06:18","guid":{"rendered":"http:\/\/carelcreation.com\/?page_id=7"},"modified":"2024-10-02T21:45:47","modified_gmt":"2024-10-02T19:45:47","slug":"carel-creation-accompagnement-conseil-communication","status":"publish","type":"page","link":"https:\/\/carelcreation.com\/index.php\/carel-creation-accompagnement-conseil-communication\/","title":{"rendered":"Carel Cr\u00e9ation accompagnement &amp; conseil en communication"},"content":{"rendered":"\n<div class=\"wp-block-columns is-layout-flex wp-container-core-columns-is-layout-9d6595d7 wp-block-columns-is-layout-flex\">\n<div class=\"wp-block-column is-vertically-aligned-center is-layout-flow wp-block-column-is-layout-flow\">\n<p>Carel Cr\u00e9ation accompagnement et conseil en communication pour les entreprises du Bassin d&rsquo;Arcachon et au-del\u00e0&#8230; il n&rsquo;y a pas vraiment de limite puisque les outils dont nous disposons pour communiquer sont accessibles de partout du moment qu&rsquo;il y a un tant soit peu de r\u00e9seau&#8230;<br>Je cr\u00e9e, imagine, dessine, code, r\u00e9dige, imprime, d\u00e9coupe, d\u00e9pose et pose, presse, forme, m&rsquo;impliquant dans toutes les \u00e9tapes de votre projet, du brief \u00e0 sa concr\u00e9tisation et sa r\u00e9alisation.<br>Je d\u00e9finis avec vous les objectifs \u00e0 atteindre et les \u00e9ch\u00e9ances \u00e0 venir, votre cible et je m&rsquo;occupe de tout ! afin que vous puissiez pleinement vous consacrer \u00e0 votre m\u00e9tier.<\/p>\n<\/div>\n\n\n\n<div class=\"wp-block-column is-layout-flow wp-block-column-is-layout-flow\">\n<figure class=\"wp-block-image size-large\"><img loading=\"lazy\" decoding=\"async\" width=\"720\" height=\"720\" src=\"http:\/\/carelcreation.com\/wp-content\/uploads\/2024\/10\/conseil-communication-edited-2.jpg\" alt=\"accompagnement et conseil en communication \" class=\"wp-image-100\" srcset=\"https:\/\/carelcreation.com\/wp-content\/uploads\/2024\/10\/conseil-communication-edited-2.jpg 720w, https:\/\/carelcreation.com\/wp-content\/uploads\/2024\/10\/conseil-communication-edited-2-300x300.jpg 300w, https:\/\/carelcreation.com\/wp-content\/uploads\/2024\/10\/conseil-communication-edited-2-150x150.jpg 150w\" sizes=\"auto, (max-width: 720px) 100vw, 720px\" \/><\/figure>\n<\/div>\n<\/div>\n\n\n\n<div class=\"wp-block-columns is-layout-flex wp-container-core-columns-is-layout-9d6595d7 wp-block-columns-is-layout-flex\">\n<div class=\"wp-block-column is-layout-flow wp-block-column-is-layout-flow\" style=\"flex-basis:100%\"><\/div>\n<\/div>\n\n\n\n<div class=\"wp-block-columns is-layout-flex wp-container-core-columns-is-layout-9d6595d7 wp-block-columns-is-layout-flex\">\n<div class=\"wp-block-column is-layout-flow wp-block-column-is-layout-flow\">\n<h3 class=\"wp-block-heading\">#image<\/h3>\n\n\n\n<p>Je pars d&rsquo;une feuille blanche ou si vous avez d\u00e9j\u00e0 avanc\u00e9 sur votre projet, je tiens compte de vos id\u00e9es et de vos go\u00fbts, pour vous [re]pr\u00e9senter et faire ressortir l&rsquo;\u00e2me de votre entreprise, son style et son identit\u00e9.<br>Je cr\u00e9e votre charte graphique, vous pr\u00e9pare tous les \u00e9l\u00e9ments qui vous permettront de communiquer de mani\u00e8re coh\u00e9rente sur tous vos supports.<\/p>\n<\/div>\n\n\n\n<div class=\"wp-block-column is-layout-flow wp-block-column-is-layout-flow\">\n<h3 class=\"wp-block-heading\">#print<\/h3>\n\n\n\n<p>Je d\u00e9cline votre charte graphique, votre identit\u00e9 visuelle sur les supports imprim\u00e9s choisis et pertinents pour le d\u00e9veloppement de votre activit\u00e9. Le choix des formats, des supports, des textures et des finitions est primordial pour vous permettre de faire la diff\u00e9rence. <br>Je vous accompagne dans la r\u00e9daction de ces supports, et m&rsquo;attache \u00e0 faire ressortir les \u00e9l\u00e9ments cl\u00e9s et pertinents.<\/p>\n<\/div>\n<\/div>\n\n\n\n<div class=\"wp-block-columns is-layout-flex wp-container-core-columns-is-layout-9d6595d7 wp-block-columns-is-layout-flex\">\n<div class=\"wp-block-column is-layout-flow wp-block-column-is-layout-flow\">\n<h3 class=\"wp-block-heading\">#web<br>#digital<\/h3>\n\n\n\n<p>Je cr\u00e9e votre site internet alliant dynamisme, ergonomie soign\u00e9e et optimisation. Je m&rsquo;attache \u00e0 ce que le r\u00e9dactionnel soit qualitatif et r\u00e9ponde aux exigences du r\u00e9f\u00e9rencement. Aucun mod\u00e8le r\u00e9utilis\u00e9, une cr\u00e9ation de A \u00e0 Z sur-mesure.<br>Je vous accompagne \u00e9galement dans votre communication sur les r\u00e9seaux sociaux, je vous forme et g\u00e8re \u00e0 la carte votre communication digitale si vous le souhaitez.<\/p>\n<\/div>\n\n\n\n<div class=\"wp-block-column is-layout-flow wp-block-column-is-layout-flow\">\n<h3 class=\"wp-block-heading\">#signal\u00e9tique<br><\/h3>\n\n\n\n<p>Je cr\u00e9e et imprime vos enseignes ou autres supports de signal\u00e9tique, vitrophanie, marquage de v\u00e9hicule et de vitrine, plaques magn\u00e9tiques, drapeau&#8230; Je r\u00e9alise la d\u00e9pose des existants et la pose moi-m\u00eame (hors enseignes lumineuses). Je vous conseille dans l&rsquo;am\u00e9nagement de votre point de vente ou de vos locaux, et peut \u00e9galement vous cr\u00e9er des supports signal\u00e9tiques exclusifs<\/p>\n<\/div>\n<\/div>\n\n\n\n<div class=\"wp-block-columns is-layout-flex wp-container-core-columns-is-layout-9d6595d7 wp-block-columns-is-layout-flex\">\n<div class=\"wp-block-column is-layout-flow wp-block-column-is-layout-flow\">\n<h3 class=\"wp-block-heading\">#textile <br>#objets<\/h3>\n\n\n\n<p>Je personnalise les tee-shirts ou autres tenues \u00e0 l&rsquo;image de votre entreprise, sacs, ou tout autre objet textile. Il n&rsquo;y a pas de minimum de commande, je travaille \u00e0 partir de l&rsquo;unit\u00e9 et dispose d&rsquo;un large choix adapt\u00e9 \u00e0 chaque secteur d&rsquo;activit\u00e9.<br>Je dispose d&rsquo;un tr\u00e8s large choix d&rsquo;objets publicitaires personnalisables \u00e0 votre image, \u00e0 s&rsquo;offrir ou \u00e0 offrir \u00e0 vos clients tout au long de l&rsquo;ann\u00e9e.<\/p>\n<\/div>\n\n\n\n<div class=\"wp-block-column is-layout-flow wp-block-column-is-layout-flow\">\n<h3 class=\"wp-block-heading\">#nodoubt<br><\/h3>\n\n\n\n<p>Vous \u00eates en cr\u00e9ation ou post-cr\u00e9ation d\u2019entreprise et vous ne savez pas par o\u00f9 commencer ?<br>Je vous propose mon <a href=\"https:\/\/carelcreation.com\/index.php\/levez-les-doutes-et-revelez-vos-idees\/\">rendez-vous \u00ab\u00a0no doubt\u00a0\u00bb<\/a> : un accompagnement sur-mesure, la mise \u00e0 disposition d\u2019une bo\u00eete \u00e0 outils personnalis\u00e9e afin d&rsquo;affiner vos id\u00e9es, structurer votre projet et d\u00e9velopper votre activit\u00e9.<br>Levez les doutes et r\u00e9v\u00e9lez vos id\u00e9es !<\/p>\n\n\n\n<p><\/p>\n<\/div>\n<\/div>\n\n\n\n<div class=\"wp-block-buttons is-content-justification-center is-layout-flex wp-container-core-buttons-is-layout-16018d1d wp-block-buttons-is-layout-flex\">\n<div class=\"wp-block-button\"><a class=\"wp-block-button__link wp-element-button\" href=\"http:\/\/carelcreation.com\/index.php\/contacter-carel-creation\/\">prendre rendez-vous<\/a><\/div>\n<\/div>\n","protected":false},"excerpt":{"rendered":"<p>Carel Cr\u00e9ation accompagnement et conseil en communication pour les entreprises du Bassin d&rsquo;Arcachon et au-del\u00e0&#8230; il n&rsquo;y a pas vraiment de limite puisque les outils dont nous disposons pour communiquer sont accessibles de partout du moment qu&rsquo;il y a un tant soit peu de r\u00e9seau&#8230;Je cr\u00e9e, imagine, dessine, code, r\u00e9dige, imprime, d\u00e9coupe, d\u00e9pose et pose, [&hellip;]<\/p>\n","protected":false},"author":1,"featured_media":0,"parent":0,"menu_order":0,"comment_status":"closed","ping_status":"closed","template":"templates\/template-full-width.php","meta":{"footnotes":""},"class_list":["post-7","page","type-page","status-publish","hentry"],"yoast_head":"<!-- This site is optimized with the Yoast SEO plugin v23.5 - https:\/\/yoast.com\/wordpress\/plugins\/seo\/ -->\n<title>Carel Cr\u00e9ation accompagnement &amp; conseil en communication - Carel Cr\u00e9ation<\/title>\n<meta name=\"description\" content=\"Carel Cr\u00e9ation c&#039;est de l&#039;accompagnement et du conseil en communication digitale, web, print, signal\u00e9tique et publicit\u00e9\" \/>\n<meta name=\"robots\" content=\"index, follow, max-snippet:-1, max-image-preview:large, max-video-preview:-1\" \/>\n<link rel=\"canonical\" href=\"https:\/\/carelcreation.com\/index.php\/carel-creation-accompagnement-conseil-communication\/\" \/>\n<meta property=\"og:locale\" content=\"fr_FR\" \/>\n<meta property=\"og:type\" content=\"article\" \/>\n<meta property=\"og:title\" content=\"Carel Cr\u00e9ation accompagnement &amp; conseil en communication - Carel Cr\u00e9ation\" \/>\n<meta property=\"og:description\" content=\"Carel Cr\u00e9ation c&#039;est de l&#039;accompagnement et du conseil en communication digitale, web, print, signal\u00e9tique et publicit\u00e9\" \/>\n<meta property=\"og:url\" content=\"https:\/\/carelcreation.com\/index.php\/carel-creation-accompagnement-conseil-communication\/\" \/>\n<meta property=\"og:site_name\" content=\"Carel Cr\u00e9ation\" \/>\n<meta property=\"article:modified_time\" content=\"2024-10-02T19:45:47+00:00\" \/>\n<meta property=\"og:image\" content=\"http:\/\/carelcreation.com\/wp-content\/uploads\/2024\/10\/conseil-communication-edited-2.jpg\" \/>\n<meta name=\"twitter:card\" content=\"summary_large_image\" \/>\n<meta name=\"twitter:label1\" content=\"Dur\u00e9e de lecture estim\u00e9e\" \/>\n\t<meta name=\"twitter:data1\" content=\"3 minutes\" \/>\n<script type=\"application\/ld+json\" class=\"yoast-schema-graph\">{\"@context\":\"https:\/\/schema.org\",\"@graph\":[{\"@type\":\"WebPage\",\"@id\":\"https:\/\/carelcreation.com\/index.php\/carel-creation-accompagnement-conseil-communication\/\",\"url\":\"https:\/\/carelcreation.com\/index.php\/carel-creation-accompagnement-conseil-communication\/\",\"name\":\"Carel Cr\u00e9ation accompagnement &amp; conseil en communication - Carel Cr\u00e9ation\",\"isPartOf\":{\"@id\":\"https:\/\/carelcreation.com\/#website\"},\"primaryImageOfPage\":{\"@id\":\"https:\/\/carelcreation.com\/index.php\/carel-creation-accompagnement-conseil-communication\/#primaryimage\"},\"image\":{\"@id\":\"https:\/\/carelcreation.com\/index.php\/carel-creation-accompagnement-conseil-communication\/#primaryimage\"},\"thumbnailUrl\":\"http:\/\/carelcreation.com\/wp-content\/uploads\/2024\/10\/conseil-communication-edited-2.jpg\",\"datePublished\":\"2024-10-02T15:06:18+00:00\",\"dateModified\":\"2024-10-02T19:45:47+00:00\",\"description\":\"Carel Cr\u00e9ation c'est de l'accompagnement et du conseil en communication digitale, web, print, signal\u00e9tique et publicit\u00e9\",\"breadcrumb\":{\"@id\":\"https:\/\/carelcreation.com\/index.php\/carel-creation-accompagnement-conseil-communication\/#breadcrumb\"},\"inLanguage\":\"fr-FR\",\"potentialAction\":[{\"@type\":\"ReadAction\",\"target\":[\"https:\/\/carelcreation.com\/index.php\/carel-creation-accompagnement-conseil-communication\/\"]}]},{\"@type\":\"ImageObject\",\"inLanguage\":\"fr-FR\",\"@id\":\"https:\/\/carelcreation.com\/index.php\/carel-creation-accompagnement-conseil-communication\/#primaryimage\",\"url\":\"https:\/\/carelcreation.com\/wp-content\/uploads\/2024\/10\/conseil-communication-edited-2.jpg\",\"contentUrl\":\"https:\/\/carelcreation.com\/wp-content\/uploads\/2024\/10\/conseil-communication-edited-2.jpg\",\"width\":720,\"height\":720},{\"@type\":\"BreadcrumbList\",\"@id\":\"https:\/\/carelcreation.com\/index.php\/carel-creation-accompagnement-conseil-communication\/#breadcrumb\",\"itemListElement\":[{\"@type\":\"ListItem\",\"position\":1,\"name\":\"Accueil\",\"item\":\"https:\/\/carelcreation.com\/\"},{\"@type\":\"ListItem\",\"position\":2,\"name\":\"Carel Cr\u00e9ation accompagnement &amp; conseil en communication\"}]},{\"@type\":\"WebSite\",\"@id\":\"https:\/\/carelcreation.com\/#website\",\"url\":\"https:\/\/carelcreation.com\/\",\"name\":\"Carel Cr\u00e9ation\",\"description\":\"\",\"publisher\":{\"@id\":\"https:\/\/carelcreation.com\/#organization\"},\"potentialAction\":[{\"@type\":\"SearchAction\",\"target\":{\"@type\":\"EntryPoint\",\"urlTemplate\":\"https:\/\/carelcreation.com\/?s={search_term_string}\"},\"query-input\":{\"@type\":\"PropertyValueSpecification\",\"valueRequired\":true,\"valueName\":\"search_term_string\"}}],\"inLanguage\":\"fr-FR\"},{\"@type\":\"Organization\",\"@id\":\"https:\/\/carelcreation.com\/#organization\",\"name\":\"Carel Cr\u00e9ation\",\"url\":\"https:\/\/carelcreation.com\/\",\"logo\":{\"@type\":\"ImageObject\",\"inLanguage\":\"fr-FR\",\"@id\":\"https:\/\/carelcreation.com\/#\/schema\/logo\/image\/\",\"url\":\"https:\/\/carelcreation.com\/wp-content\/uploads\/2024\/10\/cropped-Carel-logo.png\",\"contentUrl\":\"https:\/\/carelcreation.com\/wp-content\/uploads\/2024\/10\/cropped-Carel-logo.png\",\"width\":1157,\"height\":438,\"caption\":\"Carel Cr\u00e9ation\"},\"image\":{\"@id\":\"https:\/\/carelcreation.com\/#\/schema\/logo\/image\/\"}}]}<\/script>\n<!-- \/ Yoast SEO plugin. -->","yoast_head_json":{"title":"Carel Cr\u00e9ation accompagnement &amp; conseil en communication - Carel Cr\u00e9ation","description":"Carel Cr\u00e9ation c'est de l'accompagnement et du conseil en communication digitale, web, print, signal\u00e9tique et publicit\u00e9","robots":{"index":"index","follow":"follow","max-snippet":"max-snippet:-1","max-image-preview":"max-image-preview:large","max-video-preview":"max-video-preview:-1"},"canonical":"https:\/\/carelcreation.com\/index.php\/carel-creation-accompagnement-conseil-communication\/","og_locale":"fr_FR","og_type":"article","og_title":"Carel Cr\u00e9ation accompagnement &amp; conseil en communication - Carel Cr\u00e9ation","og_description":"Carel Cr\u00e9ation c'est de l'accompagnement et du conseil en communication digitale, web, print, signal\u00e9tique et publicit\u00e9","og_url":"https:\/\/carelcreation.com\/index.php\/carel-creation-accompagnement-conseil-communication\/","og_site_name":"Carel Cr\u00e9ation","article_modified_time":"2024-10-02T19:45:47+00:00","og_image":[{"url":"http:\/\/carelcreation.com\/wp-content\/uploads\/2024\/10\/conseil-communication-edited-2.jpg"}],"twitter_card":"summary_large_image","twitter_misc":{"Dur\u00e9e de lecture estim\u00e9e":"3 minutes"},"schema":{"@context":"https:\/\/schema.org","@graph":[{"@type":"WebPage","@id":"https:\/\/carelcreation.com\/index.php\/carel-creation-accompagnement-conseil-communication\/","url":"https:\/\/carelcreation.com\/index.php\/carel-creation-accompagnement-conseil-communication\/","name":"Carel Cr\u00e9ation accompagnement &amp; conseil en communication - Carel Cr\u00e9ation","isPartOf":{"@id":"https:\/\/carelcreation.com\/#website"},"primaryImageOfPage":{"@id":"https:\/\/carelcreation.com\/index.php\/carel-creation-accompagnement-conseil-communication\/#primaryimage"},"image":{"@id":"https:\/\/carelcreation.com\/index.php\/carel-creation-accompagnement-conseil-communication\/#primaryimage"},"thumbnailUrl":"http:\/\/carelcreation.com\/wp-content\/uploads\/2024\/10\/conseil-communication-edited-2.jpg","datePublished":"2024-10-02T15:06:18+00:00","dateModified":"2024-10-02T19:45:47+00:00","description":"Carel Cr\u00e9ation c'est de l'accompagnement et du conseil en communication digitale, web, print, signal\u00e9tique et publicit\u00e9","breadcrumb":{"@id":"https:\/\/carelcreation.com\/index.php\/carel-creation-accompagnement-conseil-communication\/#breadcrumb"},"inLanguage":"fr-FR","potentialAction":[{"@type":"ReadAction","target":["https:\/\/carelcreation.com\/index.php\/carel-creation-accompagnement-conseil-communication\/"]}]},{"@type":"ImageObject","inLanguage":"fr-FR","@id":"https:\/\/carelcreation.com\/index.php\/carel-creation-accompagnement-conseil-communication\/#primaryimage","url":"https:\/\/carelcreation.com\/wp-content\/uploads\/2024\/10\/conseil-communication-edited-2.jpg","contentUrl":"https:\/\/carelcreation.com\/wp-content\/uploads\/2024\/10\/conseil-communication-edited-2.jpg","width":720,"height":720},{"@type":"BreadcrumbList","@id":"https:\/\/carelcreation.com\/index.php\/carel-creation-accompagnement-conseil-communication\/#breadcrumb","itemListElement":[{"@type":"ListItem","position":1,"name":"Accueil","item":"https:\/\/carelcreation.com\/"},{"@type":"ListItem","position":2,"name":"Carel Cr\u00e9ation accompagnement &amp; conseil en communication"}]},{"@type":"WebSite","@id":"https:\/\/carelcreation.com\/#website","url":"https:\/\/carelcreation.com\/","name":"Carel Cr\u00e9ation","description":"","publisher":{"@id":"https:\/\/carelcreation.com\/#organization"},"potentialAction":[{"@type":"SearchAction","target":{"@type":"EntryPoint","urlTemplate":"https:\/\/carelcreation.com\/?s={search_term_string}"},"query-input":{"@type":"PropertyValueSpecification","valueRequired":true,"valueName":"search_term_string"}}],"inLanguage":"fr-FR"},{"@type":"Organization","@id":"https:\/\/carelcreation.com\/#organization","name":"Carel Cr\u00e9ation","url":"https:\/\/carelcreation.com\/","logo":{"@type":"ImageObject","inLanguage":"fr-FR","@id":"https:\/\/carelcreation.com\/#\/schema\/logo\/image\/","url":"https:\/\/carelcreation.com\/wp-content\/uploads\/2024\/10\/cropped-Carel-logo.png","contentUrl":"https:\/\/carelcreation.com\/wp-content\/uploads\/2024\/10\/cropped-Carel-logo.png","width":1157,"height":438,"caption":"Carel Cr\u00e9ation"},"image":{"@id":"https:\/\/carelcreation.com\/#\/schema\/logo\/image\/"}}]}},"_links":{"self":[{"href":"https:\/\/carelcreation.com\/index.php\/wp-json\/wp\/v2\/pages\/7","targetHints":{"allow":["GET"]}}],"collection":[{"href":"https:\/\/carelcreation.com\/index.php\/wp-json\/wp\/v2\/pages"}],"about":[{"href":"https:\/\/carelcreation.com\/index.php\/wp-json\/wp\/v2\/types\/page"}],"author":[{"embeddable":true,"href":"https:\/\/carelcreation.com\/index.php\/wp-json\/wp\/v2\/users\/1"}],"replies":[{"embeddable":true,"href":"https:\/\/carelcreation.com\/index.php\/wp-json\/wp\/v2\/comments?post=7"}],"version-history":[{"count":20,"href":"https:\/\/carelcreation.com\/index.php\/wp-json\/wp\/v2\/pages\/7\/revisions"}],"predecessor-version":[{"id":119,"href":"https:\/\/carelcreation.com\/index.php\/wp-json\/wp\/v2\/pages\/7\/revisions\/119"}],"wp:attachment":[{"href":"https:\/\/carelcreation.com\/index.php\/wp-json\/wp\/v2\/media?parent=7"}],"curies":[{"name":"wp","href":"https:\/\/api.w.org\/{rel}","templated":true}]}}