{"id":110,"date":"2024-10-02T20:59:59","date_gmt":"2024-10-02T18:59:59","guid":{"rendered":"https:\/\/carelcreation.com\/?page_id=110"},"modified":"2024-10-02T23:50:35","modified_gmt":"2024-10-02T21:50:35","slug":"lever-vos-doutes-et-reveler-vos-idees","status":"publish","type":"page","link":"https:\/\/carelcreation.com\/index.php\/lever-vos-doutes-et-reveler-vos-idees\/","title":{"rendered":"Lever vos doutes et r\u00e9v\u00e9ler vos id\u00e9es !"},"content":{"rendered":"\n<p class=\"has-text-align-center\">Vous \u00eates en cr\u00e9ation ou post-cr\u00e9ation d\u2019entreprise <br>et vous ne savez pas par o\u00f9 commencer ?<\/p>\n\n\n\n<h3 class=\"wp-block-heading alignfull has-text-align-center\">L&rsquo;objectif de ce rendez-vous :<br>lever vos doutes et r\u00e9v\u00e9ler vos id\u00e9es !<\/h3>\n\n\n\n<div class=\"wp-block-columns is-layout-flex wp-container-core-columns-is-layout-9d6595d7 wp-block-columns-is-layout-flex\">\n<div class=\"wp-block-column is-vertically-aligned-center is-layout-flow wp-block-column-is-layout-flow\" style=\"flex-basis:50%\">\n<div class=\"wp-block-group is-nowrap is-layout-flex wp-container-core-group-is-layout-ad2f72ca wp-block-group-is-layout-flex\">\n<p>Je vous propose mon rendez-vous \u00ab no doubt \u00bb :<br>un accompagnement sur-mesure, la mise \u00e0 disposition d\u2019une bo\u00eete \u00e0 outils personnalis\u00e9e afin de lever vos doutes, affiner et r\u00e9v\u00e9ler vos id\u00e9es, structurer votre projet et d\u00e9velopper votre activit\u00e9.<br><strong><br><\/strong>Je vous propose de :<br>&#8211; vous orienter dans votre r\u00e9flexion<br>&#8211; vous orienter vers les bonnes personnes, structures ou solutions<br>&#8211; b\u00e9n\u00e9ficier de mon regard ext\u00e9rieur objectif sur vos probl\u00e9matiques entrepreneuriales en toute confidentialit\u00e9<br>&#8211; partager mon exp\u00e9rience personnelle et vous ouvrir les portes de mon r\u00e9seau professionnel<br>&#8211; vous conseiller sur le choix de votre statut juridique, ou encore vos d\u00e9marches relatives \u00e0 la propri\u00e9t\u00e9 intellectuelle (nom, logo, brevet, oeuvres, etc)<br>&#8211; vous aider \u00e0 choisir vos outils de communication en fonction de vos objectifs et votre strat\u00e9gie<br>&#8211; vous permettre d&rsquo;y voir plus clair dans votre projet et vous aiguiller sur les d\u00e9marches \u00e0 suivre<br>&#8211; vous permettre de prendre du recul<br>&#8211; prioriser et visualiser : d\u00e9finir clairement vos priorit\u00e9s et garder vos objectifs en vue<br>&#8211; vous conseiller et r\u00e9pondre \u00e0 vos interrogations afin de prendre vos d\u00e9cisions strat\u00e9giques<\/p>\n<\/div>\n<\/div>\n\n\n\n<div class=\"wp-block-column is-vertically-aligned-center is-layout-flow wp-block-column-is-layout-flow\" style=\"flex-basis:50%\"><div class=\"wp-block-image\">\n<figure class=\"aligncenter size-full\"><img loading=\"lazy\" decoding=\"async\" width=\"244\" height=\"363\" src=\"http:\/\/carelcreation.com\/wp-content\/uploads\/2024\/10\/imaginer-e1727900157827.jpg\" alt=\"Lever vos doutes et r\u00e9v\u00e9ler vos id\u00e9es\" class=\"wp-image-14\" srcset=\"https:\/\/carelcreation.com\/wp-content\/uploads\/2024\/10\/imaginer-e1727900157827.jpg 244w, https:\/\/carelcreation.com\/wp-content\/uploads\/2024\/10\/imaginer-e1727900157827-202x300.jpg 202w\" sizes=\"auto, (max-width: 244px) 100vw, 244px\" \/><\/figure>\n<\/div><\/div>\n<\/div>\n\n\n\n<p class=\"has-text-align-center\">Tarification au temps r\u00e9el \u00ab\u00a0partag\u00e9\u00a0\u00bb 75\u20acHT\/heure<br>je ne facture pas le temps de pr\u00e9paration du rendez-vous<br>1<sup>er<\/sup> rdv briefing 30 minutes offert autour d&rsquo;un caf\u00e9 ou un th\u00e9 \ud83d\ude43<\/p>\n\n\n\n<div class=\"wp-block-buttons is-content-justification-center is-layout-flex wp-container-core-buttons-is-layout-16018d1d wp-block-buttons-is-layout-flex\">\n<div class=\"wp-block-button\"><a class=\"wp-block-button__link has-accent-background-color has-background wp-element-button\" href=\"https:\/\/carelcreation.com\/index.php\/contacter-carel-creation\/\">prendre rendez-vous<\/a><\/div>\n<\/div>\n\n\n\n<p><\/p>\n","protected":false},"excerpt":{"rendered":"<p>Vous \u00eates en cr\u00e9ation ou post-cr\u00e9ation d\u2019entreprise et vous ne savez pas par o\u00f9 commencer ? L&rsquo;objectif de ce rendez-vous :lever vos doutes et r\u00e9v\u00e9ler vos id\u00e9es ! Je vous propose mon rendez-vous \u00ab no doubt \u00bb :un accompagnement sur-mesure, la mise \u00e0 disposition d\u2019une bo\u00eete \u00e0 outils personnalis\u00e9e afin de lever vos doutes, affiner [&hellip;]<\/p>\n","protected":false},"author":1,"featured_media":0,"parent":0,"menu_order":0,"comment_status":"closed","ping_status":"closed","template":"templates\/template-full-width.php","meta":{"footnotes":""},"class_list":["post-110","page","type-page","status-publish","hentry"],"yoast_head":"<!-- This site is optimized with the Yoast SEO plugin v23.5 - https:\/\/yoast.com\/wordpress\/plugins\/seo\/ -->\n<title>Lever vos doutes et r\u00e9v\u00e9ler vos id\u00e9es ! - Carel Cr\u00e9ation<\/title>\n<meta name=\"description\" content=\"Carel Cr\u00e9ation dans son accompagnement sur-mesure vous propose son rendez-vous \u00ab no doubt \u00bb pour lever les doutes et r\u00e9v\u00e9ler vos id\u00e9es\" \/>\n<meta name=\"robots\" content=\"index, follow, max-snippet:-1, max-image-preview:large, max-video-preview:-1\" \/>\n<link rel=\"canonical\" href=\"https:\/\/carelcreation.com\/index.php\/lever-vos-doutes-et-reveler-vos-idees\/\" \/>\n<meta property=\"og:locale\" content=\"fr_FR\" \/>\n<meta property=\"og:type\" content=\"article\" \/>\n<meta property=\"og:title\" content=\"Lever vos doutes et r\u00e9v\u00e9ler vos id\u00e9es ! - Carel Cr\u00e9ation\" \/>\n<meta property=\"og:description\" content=\"Carel Cr\u00e9ation dans son accompagnement sur-mesure vous propose son rendez-vous \u00ab no doubt \u00bb pour lever les doutes et r\u00e9v\u00e9ler vos id\u00e9es\" \/>\n<meta property=\"og:url\" content=\"https:\/\/carelcreation.com\/index.php\/lever-vos-doutes-et-reveler-vos-idees\/\" \/>\n<meta property=\"og:site_name\" content=\"Carel Cr\u00e9ation\" \/>\n<meta property=\"article:modified_time\" content=\"2024-10-02T21:50:35+00:00\" \/>\n<meta property=\"og:image\" content=\"http:\/\/carelcreation.com\/wp-content\/uploads\/2024\/10\/imaginer-e1727900157827.jpg\" \/>\n<meta name=\"twitter:card\" content=\"summary_large_image\" \/>\n<meta name=\"twitter:label1\" content=\"Dur\u00e9e de lecture estim\u00e9e\" \/>\n\t<meta name=\"twitter:data1\" content=\"2 minutes\" \/>\n<script type=\"application\/ld+json\" class=\"yoast-schema-graph\">{\"@context\":\"https:\/\/schema.org\",\"@graph\":[{\"@type\":\"WebPage\",\"@id\":\"https:\/\/carelcreation.com\/index.php\/lever-vos-doutes-et-reveler-vos-idees\/\",\"url\":\"https:\/\/carelcreation.com\/index.php\/lever-vos-doutes-et-reveler-vos-idees\/\",\"name\":\"Lever vos doutes et r\u00e9v\u00e9ler vos id\u00e9es ! - Carel Cr\u00e9ation\",\"isPartOf\":{\"@id\":\"https:\/\/carelcreation.com\/#website\"},\"primaryImageOfPage\":{\"@id\":\"https:\/\/carelcreation.com\/index.php\/lever-vos-doutes-et-reveler-vos-idees\/#primaryimage\"},\"image\":{\"@id\":\"https:\/\/carelcreation.com\/index.php\/lever-vos-doutes-et-reveler-vos-idees\/#primaryimage\"},\"thumbnailUrl\":\"http:\/\/carelcreation.com\/wp-content\/uploads\/2024\/10\/imaginer-e1727900157827.jpg\",\"datePublished\":\"2024-10-02T18:59:59+00:00\",\"dateModified\":\"2024-10-02T21:50:35+00:00\",\"description\":\"Carel Cr\u00e9ation dans son accompagnement sur-mesure vous propose son rendez-vous \u00ab no doubt \u00bb pour lever les doutes et r\u00e9v\u00e9ler vos id\u00e9es\",\"breadcrumb\":{\"@id\":\"https:\/\/carelcreation.com\/index.php\/lever-vos-doutes-et-reveler-vos-idees\/#breadcrumb\"},\"inLanguage\":\"fr-FR\",\"potentialAction\":[{\"@type\":\"ReadAction\",\"target\":[\"https:\/\/carelcreation.com\/index.php\/lever-vos-doutes-et-reveler-vos-idees\/\"]}]},{\"@type\":\"ImageObject\",\"inLanguage\":\"fr-FR\",\"@id\":\"https:\/\/carelcreation.com\/index.php\/lever-vos-doutes-et-reveler-vos-idees\/#primaryimage\",\"url\":\"https:\/\/carelcreation.com\/wp-content\/uploads\/2024\/10\/imaginer-e1727900157827.jpg\",\"contentUrl\":\"https:\/\/carelcreation.com\/wp-content\/uploads\/2024\/10\/imaginer-e1727900157827.jpg\",\"width\":244,\"height\":363},{\"@type\":\"BreadcrumbList\",\"@id\":\"https:\/\/carelcreation.com\/index.php\/lever-vos-doutes-et-reveler-vos-idees\/#breadcrumb\",\"itemListElement\":[{\"@type\":\"ListItem\",\"position\":1,\"name\":\"Accueil\",\"item\":\"https:\/\/carelcreation.com\/\"},{\"@type\":\"ListItem\",\"position\":2,\"name\":\"Lever vos doutes et r\u00e9v\u00e9ler vos id\u00e9es !\"}]},{\"@type\":\"WebSite\",\"@id\":\"https:\/\/carelcreation.com\/#website\",\"url\":\"https:\/\/carelcreation.com\/\",\"name\":\"Carel Cr\u00e9ation\",\"description\":\"\",\"publisher\":{\"@id\":\"https:\/\/carelcreation.com\/#organization\"},\"potentialAction\":[{\"@type\":\"SearchAction\",\"target\":{\"@type\":\"EntryPoint\",\"urlTemplate\":\"https:\/\/carelcreation.com\/?s={search_term_string}\"},\"query-input\":{\"@type\":\"PropertyValueSpecification\",\"valueRequired\":true,\"valueName\":\"search_term_string\"}}],\"inLanguage\":\"fr-FR\"},{\"@type\":\"Organization\",\"@id\":\"https:\/\/carelcreation.com\/#organization\",\"name\":\"Carel Cr\u00e9ation\",\"url\":\"https:\/\/carelcreation.com\/\",\"logo\":{\"@type\":\"ImageObject\",\"inLanguage\":\"fr-FR\",\"@id\":\"https:\/\/carelcreation.com\/#\/schema\/logo\/image\/\",\"url\":\"https:\/\/carelcreation.com\/wp-content\/uploads\/2024\/10\/cropped-Carel-logo.png\",\"contentUrl\":\"https:\/\/carelcreation.com\/wp-content\/uploads\/2024\/10\/cropped-Carel-logo.png\",\"width\":1157,\"height\":438,\"caption\":\"Carel Cr\u00e9ation\"},\"image\":{\"@id\":\"https:\/\/carelcreation.com\/#\/schema\/logo\/image\/\"}}]}<\/script>\n<!-- \/ Yoast SEO plugin. -->","yoast_head_json":{"title":"Lever vos doutes et r\u00e9v\u00e9ler vos id\u00e9es ! - Carel Cr\u00e9ation","description":"Carel Cr\u00e9ation dans son accompagnement sur-mesure vous propose son rendez-vous \u00ab no doubt \u00bb pour lever les doutes et r\u00e9v\u00e9ler vos id\u00e9es","robots":{"index":"index","follow":"follow","max-snippet":"max-snippet:-1","max-image-preview":"max-image-preview:large","max-video-preview":"max-video-preview:-1"},"canonical":"https:\/\/carelcreation.com\/index.php\/lever-vos-doutes-et-reveler-vos-idees\/","og_locale":"fr_FR","og_type":"article","og_title":"Lever vos doutes et r\u00e9v\u00e9ler vos id\u00e9es ! - Carel Cr\u00e9ation","og_description":"Carel Cr\u00e9ation dans son accompagnement sur-mesure vous propose son rendez-vous \u00ab no doubt \u00bb pour lever les doutes et r\u00e9v\u00e9ler vos id\u00e9es","og_url":"https:\/\/carelcreation.com\/index.php\/lever-vos-doutes-et-reveler-vos-idees\/","og_site_name":"Carel Cr\u00e9ation","article_modified_time":"2024-10-02T21:50:35+00:00","og_image":[{"url":"http:\/\/carelcreation.com\/wp-content\/uploads\/2024\/10\/imaginer-e1727900157827.jpg"}],"twitter_card":"summary_large_image","twitter_misc":{"Dur\u00e9e de lecture estim\u00e9e":"2 minutes"},"schema":{"@context":"https:\/\/schema.org","@graph":[{"@type":"WebPage","@id":"https:\/\/carelcreation.com\/index.php\/lever-vos-doutes-et-reveler-vos-idees\/","url":"https:\/\/carelcreation.com\/index.php\/lever-vos-doutes-et-reveler-vos-idees\/","name":"Lever vos doutes et r\u00e9v\u00e9ler vos id\u00e9es ! - Carel Cr\u00e9ation","isPartOf":{"@id":"https:\/\/carelcreation.com\/#website"},"primaryImageOfPage":{"@id":"https:\/\/carelcreation.com\/index.php\/lever-vos-doutes-et-reveler-vos-idees\/#primaryimage"},"image":{"@id":"https:\/\/carelcreation.com\/index.php\/lever-vos-doutes-et-reveler-vos-idees\/#primaryimage"},"thumbnailUrl":"http:\/\/carelcreation.com\/wp-content\/uploads\/2024\/10\/imaginer-e1727900157827.jpg","datePublished":"2024-10-02T18:59:59+00:00","dateModified":"2024-10-02T21:50:35+00:00","description":"Carel Cr\u00e9ation dans son accompagnement sur-mesure vous propose son rendez-vous \u00ab no doubt \u00bb pour lever les doutes et r\u00e9v\u00e9ler vos id\u00e9es","breadcrumb":{"@id":"https:\/\/carelcreation.com\/index.php\/lever-vos-doutes-et-reveler-vos-idees\/#breadcrumb"},"inLanguage":"fr-FR","potentialAction":[{"@type":"ReadAction","target":["https:\/\/carelcreation.com\/index.php\/lever-vos-doutes-et-reveler-vos-idees\/"]}]},{"@type":"ImageObject","inLanguage":"fr-FR","@id":"https:\/\/carelcreation.com\/index.php\/lever-vos-doutes-et-reveler-vos-idees\/#primaryimage","url":"https:\/\/carelcreation.com\/wp-content\/uploads\/2024\/10\/imaginer-e1727900157827.jpg","contentUrl":"https:\/\/carelcreation.com\/wp-content\/uploads\/2024\/10\/imaginer-e1727900157827.jpg","width":244,"height":363},{"@type":"BreadcrumbList","@id":"https:\/\/carelcreation.com\/index.php\/lever-vos-doutes-et-reveler-vos-idees\/#breadcrumb","itemListElement":[{"@type":"ListItem","position":1,"name":"Accueil","item":"https:\/\/carelcreation.com\/"},{"@type":"ListItem","position":2,"name":"Lever vos doutes et r\u00e9v\u00e9ler vos id\u00e9es !"}]},{"@type":"WebSite","@id":"https:\/\/carelcreation.com\/#website","url":"https:\/\/carelcreation.com\/","name":"Carel Cr\u00e9ation","description":"","publisher":{"@id":"https:\/\/carelcreation.com\/#organization"},"potentialAction":[{"@type":"SearchAction","target":{"@type":"EntryPoint","urlTemplate":"https:\/\/carelcreation.com\/?s={search_term_string}"},"query-input":{"@type":"PropertyValueSpecification","valueRequired":true,"valueName":"search_term_string"}}],"inLanguage":"fr-FR"},{"@type":"Organization","@id":"https:\/\/carelcreation.com\/#organization","name":"Carel Cr\u00e9ation","url":"https:\/\/carelcreation.com\/","logo":{"@type":"ImageObject","inLanguage":"fr-FR","@id":"https:\/\/carelcreation.com\/#\/schema\/logo\/image\/","url":"https:\/\/carelcreation.com\/wp-content\/uploads\/2024\/10\/cropped-Carel-logo.png","contentUrl":"https:\/\/carelcreation.com\/wp-content\/uploads\/2024\/10\/cropped-Carel-logo.png","width":1157,"height":438,"caption":"Carel Cr\u00e9ation"},"image":{"@id":"https:\/\/carelcreation.com\/#\/schema\/logo\/image\/"}}]}},"_links":{"self":[{"href":"https:\/\/carelcreation.com\/index.php\/wp-json\/wp\/v2\/pages\/110","targetHints":{"allow":["GET"]}}],"collection":[{"href":"https:\/\/carelcreation.com\/index.php\/wp-json\/wp\/v2\/pages"}],"about":[{"href":"https:\/\/carelcreation.com\/index.php\/wp-json\/wp\/v2\/types\/page"}],"author":[{"embeddable":true,"href":"https:\/\/carelcreation.com\/index.php\/wp-json\/wp\/v2\/users\/1"}],"replies":[{"embeddable":true,"href":"https:\/\/carelcreation.com\/index.php\/wp-json\/wp\/v2\/comments?post=110"}],"version-history":[{"count":11,"href":"https:\/\/carelcreation.com\/index.php\/wp-json\/wp\/v2\/pages\/110\/revisions"}],"predecessor-version":[{"id":145,"href":"https:\/\/carelcreation.com\/index.php\/wp-json\/wp\/v2\/pages\/110\/revisions\/145"}],"wp:attachment":[{"href":"https:\/\/carelcreation.com\/index.php\/wp-json\/wp\/v2\/media?parent=110"}],"curies":[{"name":"wp","href":"https:\/\/api.w.org\/{rel}","templated":true}]}}